{"id":2261,"date":"2017-10-06T15:33:32","date_gmt":"2017-10-06T13:33:32","guid":{"rendered":"https:\/\/hti-consulting.com\/?page_id=2261"},"modified":"2024-10-14T12:24:44","modified_gmt":"2024-10-14T10:24:44","slug":"recruter-pour-les-industries-de-la-sante","status":"publish","type":"page","link":"https:\/\/www.hti-consulting.com\/fr\/","title":{"rendered":"Accueil"},"content":{"rendered":"<p>[vc_row full_width=\u00a0\u00bbstretch_row\u00a0\u00bb][vc_column]\n\t\t\t<section class=\"cover fullscreen image-slider slider-arrow-controls controls-inside parallax hero-header\">\n\t\t\t    <ul class=\"slides\">\n\t\t\t        <li class=\"overlay image-bg\">\n\t\t\t            <div class=\"background-image-holder\">\n\t\t\t                <img fetchpriority=\"high\" decoding=\"async\" width=\"1600\" height=\"900\" src=\"https:\/\/www.hti-consulting.com\/wp-content\/uploads\/2021\/07\/background-HTI01.jpg\" class=\"background-image\" alt=\"\" srcset=\"https:\/\/www.hti-consulting.com\/wp-content\/uploads\/2021\/07\/background-HTI01.jpg 1600w, https:\/\/www.hti-consulting.com\/wp-content\/uploads\/2021\/07\/background-HTI01-300x169.jpg 300w, https:\/\/www.hti-consulting.com\/wp-content\/uploads\/2021\/07\/background-HTI01-1024x576.jpg 1024w, https:\/\/www.hti-consulting.com\/wp-content\/uploads\/2021\/07\/background-HTI01-768x432.jpg 768w, https:\/\/www.hti-consulting.com\/wp-content\/uploads\/2021\/07\/background-HTI01-1536x864.jpg 1536w\" sizes=\"(max-width: 1600px) 100vw, 1600px\" \/>\n\t\t\t            <\/div>\n\t\t\t            <div class=\"container v-align-transform\">\n\t\t\t                <div class=\"row\">\n\t\t\t                    <div class=\"col-md-6 col-md-offset-3 col-sm-8 col-sm-offset-2 text-center\">\n\t\t\t                        <p><img decoding=\"async\" class=\"size-medium wp-image-73 aligncenter logo\" src=\"https:\/\/www.hti-consulting.com\/wp-content\/uploads\/2017\/10\/HTI_white-300x300.png\" alt=\"\" width=\"200\" height=\"200\" \/><\/p>\n<h1>Cabinet de recrutement international et conseil en ressources humaines pour l&rsquo;industrie de la sant\u00e9<\/h1>\n<h3 class=\"lead\">Accompagne la recherche de talents, de la R&D \u00e0 la commercialisation de produit.<\/h3>\n<div class=\"scroll-indicator\"><\/div>\n<p>\n\n\t\t\t                    <\/div>\n\t\t\t                <\/div>\n\t\t\t            <\/div>\n\t\t\t        <\/li>\n\t\t\t\t\t<div class=\"scroll-indicator\">\n        \t\t<div class=\"arrow\"><img decoding=\"async\" src=\"http:\/\/clients.subtilstudio.fr\/HTI\/wp-content\/uploads\/2017\/10\/scroll-down.png\" alt=\"scroll down\" \/><\/div>\n        \t\t<\/div>\n\t\t\t    <\/ul>\n\t\t\t<\/section>\n\t\t[\/vc_column][\/vc_row][vc_row foundry_padding=\u00a0\u00bbpt64 pb64&Prime; css=\u00a0\u00bb.vc_custom_1508927759269{background-color: #fcfcfc !important;}\u00a0\u00bb][vc_column width=\u00a0\u00bb3\/12&Prime;][\/vc_column][vc_column css_animation=\u00a0\u00bbnone\u00a0\u00bb width=\u00a0\u00bb6\/12&Prime;][vc_column_text css_animation=\u00a0\u00bbfadeIn\u00a0\u00bb]<\/p>\n<h3 class=\"mb40 mb-xs-24\" style=\"text-align: center;\">Plus de 25 ans d&rsquo;exp\u00e9rience d\u00e9di\u00e9e au monde de la sant\u00e9<\/h3>\n<p class=\"lead mb64\" style=\"text-align: center;\">Expertise dans les postes de top management, des profils techniques, scientifiques ou des fonctions d&rsquo;experts dans l&rsquo;industrie de la sant\u00e9, tous secteurs confondus.<\/p>\n<p>[\/vc_column_text][\/vc_column][vc_column width=\u00a0\u00bb3\/12&Prime;][\/vc_column][\/vc_row][vc_row full_width=\u00a0\u00bbstretch_row\u00a0\u00bb][vc_column css_animation=\u00a0\u00bbfadeIn\u00a0\u00bb]\n\t\t\t<section class=\"image-square left\">\n\t\t\t    <div class=\"col-md-6 image\">\n\t\t\t        <div class=\"background-image-holder\">\n\t\t\t            <img decoding=\"async\" width=\"1500\" height=\"1000\" src=\"https:\/\/www.hti-consulting.com\/wp-content\/uploads\/2021\/07\/hti-executive-search.jpg\" class=\"background-image\" alt=\"\" srcset=\"https:\/\/www.hti-consulting.com\/wp-content\/uploads\/2021\/07\/hti-executive-search.jpg 1500w, https:\/\/www.hti-consulting.com\/wp-content\/uploads\/2021\/07\/hti-executive-search-300x200.jpg 300w, https:\/\/www.hti-consulting.com\/wp-content\/uploads\/2021\/07\/hti-executive-search-1024x683.jpg 1024w, https:\/\/www.hti-consulting.com\/wp-content\/uploads\/2021\/07\/hti-executive-search-768x512.jpg 768w, https:\/\/www.hti-consulting.com\/wp-content\/uploads\/2021\/07\/hti-executive-search-600x400.jpg 600w\" sizes=\"(max-width: 1500px) 100vw, 1500px\" \/>\n\t\t\t        <\/div>\n\t\t\t    <\/div>\n\t\t\t    <div class=\"col-md-6 col-md-offset-1 content\">\n\t\t\t        [vc_column_text]<\/p>\n<h3 class=\"mb8\">Le recrutement par approche directe est notre coeur de m\u00e9tier<\/h3>\n<p>Notre connaissance approfondie des challenges du march\u00e9 de la sant\u00e9 nous permet de construire des strat\u00e9gies de recrutement incluant la recherche de comp\u00e9tences rares ou sp\u00e9cifiques.<\/p>\n<p><a class=\"btn btn-lg btn-black mb0\" href=\"https:\/\/www.hti-consulting.com\/fr\/secteurs\/\">EN SAVOIR PLUS<\/a>[\/vc_column_text]\n\t\t\t    <\/div>\n\t\t\t<\/section>\n\t\t\n\t\t\t<section class=\"image-square right\">\n\t\t\t    <div class=\"col-md-6 image\">\n\t\t\t        <div class=\"background-image-holder\">\n\t\t\t            <img loading=\"lazy\" decoding=\"async\" width=\"1414\" height=\"2121\" src=\"https:\/\/www.hti-consulting.com\/wp-content\/uploads\/2021\/07\/HTI-HR-Services.jpg\" class=\"background-image\" alt=\"\" srcset=\"https:\/\/www.hti-consulting.com\/wp-content\/uploads\/2021\/07\/HTI-HR-Services.jpg 1414w, https:\/\/www.hti-consulting.com\/wp-content\/uploads\/2021\/07\/HTI-HR-Services-200x300.jpg 200w, https:\/\/www.hti-consulting.com\/wp-content\/uploads\/2021\/07\/HTI-HR-Services-683x1024.jpg 683w, https:\/\/www.hti-consulting.com\/wp-content\/uploads\/2021\/07\/HTI-HR-Services-768x1152.jpg 768w, https:\/\/www.hti-consulting.com\/wp-content\/uploads\/2021\/07\/HTI-HR-Services-1024x1536.jpg 1024w, https:\/\/www.hti-consulting.com\/wp-content\/uploads\/2021\/07\/HTI-HR-Services-1365x2048.jpg 1365w\" sizes=\"(max-width: 1414px) 100vw, 1414px\" \/>\n\t\t\t        <\/div>\n\t\t\t    <\/div>\n\t\t\t    <div class=\"col-md-6 content\">\n\t\t\t        [vc_column_text]<\/p>\n<h3 class=\"mb8\">Nos solutions<\/h3>\n<p>Au-del\u00e0 du recrutement, nous proposons diff\u00e9rents services RH tels que le coaching, l&rsquo;\u00e9valuation, les audits ou les \u00e9tudes de salaire.<\/p>\n<p><a class=\"btn btn-lg btn-black mb0\" href=\"https:\/\/www.hti-consulting.com\/fr\/services-ressources-humaines\/\">EN SAVOIR PLUS<\/a>[\/vc_column_text]\n\t\t\t    <\/div>\n\t\t\t<\/section>\n\t\t[\/vc_column][\/vc_row][vc_row foundry_background_style=\u00a0\u00bbbg-secondary\u00a0\u00bb foundry_vertical_align=\u00a0\u00bbyes\u00a0\u00bb el_class=\u00a0\u00bbnews\u00a0\u00bb][vc_column width=\u00a0\u00bb4\/12&Prime;][vc_column_text]<\/p>\n<h3 class=\"mb16\" style=\"text-align: left;\">Derni\u00e8res actualit\u00e9s<\/h3>\n<p class=\"mb0 lead\">D\u00e9couvrez toutes nos derni\u00e8res actualit\u00e9s et nos prochains \u00e9v\u00e9nements.<\/p>\n<p>[\/vc_column_text][\/vc_column][vc_column width=\u00a0\u00bb8\/12&Prime;]\n\t\n\t\t<div class=\"row mb40\">\n\t\t\t<div class=\"col-sm-4\">\n\n    <a href=\"https:\/\/www.hti-consulting.com\/fr\/cabinet-recrutement-medtech-pharma-succes\/\">\n            <\/a>\n    \n    <a href=\"https:\/\/www.hti-consulting.com\/fr\/cabinet-recrutement-medtech-pharma-succes\/\"><h4 class=\"mb8\">MedTech &#8211; Pharma : comment un cabinet sp\u00e9cialis\u00e9 assure le succ\u00e8s des recrutements  ?<\/h4><\/a>    \n    <ul class=\"list-inline mb16\">\n        <li>15 avril 2025<\/li>\n        <li><a href=\"https:\/\/www.hti-consulting.com\/fr\/author\/redacteur\/\" title=\"Articles par redacteur\" rel=\"author\">redacteur<\/a><\/li>\n        <li><span class=\"label\"><a href=\"https:\/\/www.hti-consulting.com\/fr\/category\/news\/\" rel=\"category tag\">Actualit\u00e9s<\/a><\/span><\/li>\n    <\/ul>\n    \n    <p class=\"mb0\">Dans des secteurs aussi dynamiques et innovants que les industries de la sant\u00e9, recruter des talents pour des postes de middle et top management demande...<a class=\"read-more\" href=\"https:\/\/www.hti-consulting.com\/fr\/cabinet-recrutement-medtech-pharma-succes\/\"> En savoir plus<\/a><\/p>\n    \n<\/div><div class=\"col-sm-4\">\n\n    <a href=\"https:\/\/www.hti-consulting.com\/fr\/importance-comite-scientifique-consultatif-ceo-medtech\/\">\n            <\/a>\n    \n    <a href=\"https:\/\/www.hti-consulting.com\/fr\/importance-comite-scientifique-consultatif-ceo-medtech\/\"><h4 class=\"mb8\">Pourquoi un comit\u00e9 scientifique consultatif est essentiel pour un CEO de Medtech ?<\/h4><\/a>    \n    <ul class=\"list-inline mb16\">\n        <li>2 janvier 2025<\/li>\n        <li><a href=\"https:\/\/www.hti-consulting.com\/fr\/author\/redacteur\/\" title=\"Articles par redacteur\" rel=\"author\">redacteur<\/a><\/li>\n        <li><span class=\"label\"><a href=\"https:\/\/www.hti-consulting.com\/fr\/category\/news\/\" rel=\"category tag\">Actualit\u00e9s<\/a><\/span><span class=\"label\"><a href=\"https:\/\/www.hti-consulting.com\/fr\/category\/sectors\/cosmetics-fr\/\" rel=\"category tag\">Cosm\u00e9tiques<\/a><\/span><span class=\"label\"><a href=\"https:\/\/www.hti-consulting.com\/fr\/category\/sectors\/digital-health-fr\/\" rel=\"category tag\">Digital Health<\/a><\/span><span class=\"label\"><a href=\"https:\/\/www.hti-consulting.com\/fr\/category\/sectors\/imaging-equipment-fr\/\" rel=\"category tag\">Imaging Equipment<\/a><\/span><span class=\"label\"><a href=\"https:\/\/www.hti-consulting.com\/fr\/category\/sectors\/medtech-diagnostic-fr\/\" rel=\"category tag\">Medtech\/Diagnostic<\/a><\/span><span class=\"label\"><a href=\"https:\/\/www.hti-consulting.com\/fr\/category\/sectors\/\" rel=\"category tag\">Secteurs<\/a><\/span><\/li>\n    <\/ul>\n    \n    <p class=\"mb0\">Un CEO de medtech peut-il tout ma\u00eetriser seul ? Oui et non. Fabienne Hirigoyenberry-Lanson, PhD , consultante en marketing clinique, nous explique dans cet article...<a class=\"read-more\" href=\"https:\/\/www.hti-consulting.com\/fr\/importance-comite-scientifique-consultatif-ceo-medtech\/\"> En savoir plus<\/a><\/p>\n    \n<\/div><div class=\"col-sm-4\">\n\n    <a href=\"https:\/\/www.hti-consulting.com\/fr\/les-nouveaux-enjeux-business-des-affaires-reglementaires\/\">\n            <\/a>\n    \n    <a href=\"https:\/\/www.hti-consulting.com\/fr\/les-nouveaux-enjeux-business-des-affaires-reglementaires\/\"><h4 class=\"mb8\">Les nouveaux enjeux \u00ab\u00a0business\u00a0\u00bb des Affaires R\u00e9glementaires<\/h4><\/a>    \n    <ul class=\"list-inline mb16\">\n        <li>2 d\u00e9cembre 2024<\/li>\n        <li><a href=\"https:\/\/www.hti-consulting.com\/fr\/author\/redacteur\/\" title=\"Articles par redacteur\" rel=\"author\">redacteur<\/a><\/li>\n        <li><span class=\"label\"><a href=\"https:\/\/www.hti-consulting.com\/fr\/category\/news\/\" rel=\"category tag\">Actualit\u00e9s<\/a><\/span><span class=\"label\"><a href=\"https:\/\/www.hti-consulting.com\/fr\/category\/sectors\/digital-health-fr\/\" rel=\"category tag\">Digital Health<\/a><\/span><span class=\"label\"><a href=\"https:\/\/www.hti-consulting.com\/fr\/category\/sectors\/imaging-equipment-fr\/\" rel=\"category tag\">Imaging Equipment<\/a><\/span><span class=\"label\"><a href=\"https:\/\/www.hti-consulting.com\/fr\/category\/sectors\/medtech-diagnostic-fr\/\" rel=\"category tag\">Medtech\/Diagnostic<\/a><\/span><span class=\"label\"><a href=\"https:\/\/www.hti-consulting.com\/fr\/category\/sectors\/pharma-services-cro-cdmo-fr\/\" rel=\"category tag\">Pharma Services\/CRO\/CDMO<\/a><\/span><span class=\"label\"><a href=\"https:\/\/www.hti-consulting.com\/fr\/category\/sectors\/pharma-biotech-fr\/\" rel=\"category tag\">Pharma\/Biotech<\/a><\/span><span class=\"label\"><a href=\"https:\/\/www.hti-consulting.com\/fr\/category\/sectors\/\" rel=\"category tag\">Secteurs<\/a><\/span><\/li>\n    <\/ul>\n    \n    <p class=\"mb0\">Laure N\u00e8gre, consultante senior chez HTI, nous offre un \u00e9clairage perspicace sur l&rsquo;\u00e9volution strat\u00e9gique du m\u00e9tier&nbsp; des affaires r\u00e9glementaires&nbsp;Un article qui dessine de nouveaux horizons...<a class=\"read-more\" href=\"https:\/\/www.hti-consulting.com\/fr\/les-nouveaux-enjeux-business-des-affaires-reglementaires\/\"> En savoir plus<\/a><\/p>\n    \n<\/div>\t\t<\/div>\n\n\t\t\n\t\n[\/vc_column][\/vc_row][vc_row full_width=\u00a0\u00bbstretch_row\u00a0\u00bb foundry_background_style=\u00a0\u00bbbg-primary\u00a0\u00bb][vc_column parallax=\u00a0\u00bbcontent-moving\u00a0\u00bb parallax_image=\u00a0\u00bb805&Prime; el_class=\u00a0\u00bbhti-opening container\u00a0\u00bb][vc_column_text css_animation=\u00a0\u00bbfadeIn\u00a0\u00bb el_class=\u00a0\u00bbcol-md-5 content\u00a0\u00bb]<\/p>\n<h3>Candidat(e)s<\/h3>\n<p class=\"lead\">En confiant votre candidature \u00e0 HTI, vous choisissez l&rsquo;expertise et la r\u00e9putation d&rsquo;un cabinet international, leader sur son march\u00e9, qui a toujours privil\u00e9gi\u00e9 la confidentialit\u00e9 et un accompagnement sur mesure au service de ses candidats comme de ses clients.<\/p>\n<p>Que vous recherchiez activement la prochaine \u00e9tape de votre carri\u00e8re ou que vous souhaitiez simplement \u00eatre inform\u00e9.e des opportunit\u00e9s d&#8217;emploi dans votre domaine, nous vous invitons \u00e0 prendre contact avec nous en nous adressant votre candidature*.<\/p>\n<p>*<em class=\"indic\">Toutes les candidatures sont \u00e9tudi\u00e9es avec soin et trait\u00e9es avec la plus grande discr\u00e9tion. Aucune candidature ne sera partag\u00e9e avec des tiers sans l&rsquo;autorisation explicite de son auteur. <\/em><\/p>\n<p><a class=\"btn btn-lg btn-white\" href=\"mailto:contact@hti-bioquest.fr\">Postuler en tant que candidat<\/a>[\/vc_column_text][\/vc_column][\/vc_row]<\/p>\n","protected":false},"excerpt":{"rendered":"<p>[vc_row full_width=\u00a0\u00bbstretch_row\u00a0\u00bb][vc_column][\/vc_column][\/vc_row][vc_row foundry_padding=\u00a0\u00bbpt64 pb64&Prime; css=\u00a0\u00bb.vc_custom_1508927759269{background-color: #fcfcfc !important;}\u00a0\u00bb][vc_column width=\u00a0\u00bb3\/12&Prime;][\/vc_column][vc_column css_animation=\u00a0\u00bbnone\u00a0\u00bb width=\u00a0\u00bb6\/12&Prime;][vc_column_text css_animation=\u00a0\u00bbfadeIn\u00a0\u00bb] Plus de 25 ans d&rsquo;exp\u00e9rience d\u00e9di\u00e9e au monde de la sant\u00e9 Expertise dans les&#8230;<a class=\"read-more\" href=\"https:\/\/www.hti-consulting.com\/fr\/les-nouveaux-enjeux-business-des-affaires-reglementaires\/\"> En savoir plus<\/a><\/p>\n","protected":false},"author":1,"featured_media":0,"parent":0,"menu_order":0,"comment_status":"closed","ping_status":"closed","template":"","meta":{"footnotes":""},"class_list":["post-2261","page","type-page","status-publish","hentry"],"yoast_head":"<!-- This site is optimized with the Yoast SEO plugin v25.1 - https:\/\/yoast.com\/wordpress\/plugins\/seo\/ -->\n<title>HTI \u2013 Cabinet de recrutement medtech biotech pharma sant\u00e9<\/title>\n<meta name=\"description\" content=\"HTI - Cabinet de recrutement pour les industries de la sant\u00e9 et conseil RH de cadres dirigeants medtech, biotech et pharmacie\" \/>\n<meta name=\"robots\" content=\"index, follow, max-snippet:-1, max-image-preview:large, max-video-preview:-1\" \/>\n<link rel=\"canonical\" href=\"https:\/\/www.hti-consulting.com\/fr\/\" \/>\n<meta property=\"og:locale\" content=\"fr_FR\" \/>\n<meta property=\"og:type\" content=\"article\" \/>\n<meta property=\"og:title\" content=\"HTI \u2013 Cabinet de recrutement medtech biotech pharma sant\u00e9\" \/>\n<meta property=\"og:description\" content=\"HTI - Cabinet de recrutement pour les industries de la sant\u00e9 et conseil RH de cadres dirigeants medtech, biotech et pharmacie\" \/>\n<meta property=\"og:url\" content=\"https:\/\/www.hti-consulting.com\/fr\/\" \/>\n<meta property=\"og:site_name\" content=\"Healthcare &amp; Technology International\" \/>\n<meta property=\"article:modified_time\" content=\"2024-10-14T10:24:44+00:00\" \/>\n<meta property=\"og:image\" content=\"https:\/\/www.hti-consulting.com\/wp-content\/uploads\/2017\/10\/HTI_white-300x300.png\" \/>\n<meta name=\"twitter:card\" content=\"summary_large_image\" \/>\n<meta name=\"twitter:label1\" content=\"Dur\u00e9e de lecture estim\u00e9e\" \/>\n\t<meta name=\"twitter:data1\" content=\"2 minutes\" \/>\n<script type=\"application\/ld+json\" class=\"yoast-schema-graph\">{\"@context\":\"https:\/\/schema.org\",\"@graph\":[{\"@type\":\"WebPage\",\"@id\":\"https:\/\/www.hti-consulting.com\/fr\/\",\"url\":\"https:\/\/www.hti-consulting.com\/fr\/\",\"name\":\"HTI \u2013 Cabinet de recrutement medtech biotech pharma sant\u00e9\",\"isPartOf\":{\"@id\":\"https:\/\/www.hti-consulting.com\/fr\/#website\"},\"primaryImageOfPage\":{\"@id\":\"https:\/\/www.hti-consulting.com\/fr\/#primaryimage\"},\"image\":{\"@id\":\"https:\/\/www.hti-consulting.com\/fr\/#primaryimage\"},\"thumbnailUrl\":\"https:\/\/www.hti-consulting.com\/wp-content\/uploads\/2017\/10\/HTI_white-300x300.png\",\"datePublished\":\"2017-10-06T13:33:32+00:00\",\"dateModified\":\"2024-10-14T10:24:44+00:00\",\"description\":\"HTI - Cabinet de recrutement pour les industries de la sant\u00e9 et conseil RH de cadres dirigeants medtech, biotech et pharmacie\",\"breadcrumb\":{\"@id\":\"https:\/\/www.hti-consulting.com\/fr\/#breadcrumb\"},\"inLanguage\":\"fr-FR\",\"potentialAction\":[{\"@type\":\"ReadAction\",\"target\":[\"https:\/\/www.hti-consulting.com\/fr\/\"]}]},{\"@type\":\"ImageObject\",\"inLanguage\":\"fr-FR\",\"@id\":\"https:\/\/www.hti-consulting.com\/fr\/#primaryimage\",\"url\":\"https:\/\/www.hti-consulting.com\/wp-content\/uploads\/2017\/10\/HTI_white-300x300.png\",\"contentUrl\":\"https:\/\/www.hti-consulting.com\/wp-content\/uploads\/2017\/10\/HTI_white-300x300.png\"},{\"@type\":\"BreadcrumbList\",\"@id\":\"https:\/\/www.hti-consulting.com\/fr\/#breadcrumb\",\"itemListElement\":[{\"@type\":\"ListItem\",\"position\":1,\"name\":\"Accueil\",\"item\":\"https:\/\/www.hti-consulting.com\/fr\/\"},{\"@type\":\"ListItem\",\"position\":2,\"name\":\"Accueil\"}]},{\"@type\":\"WebSite\",\"@id\":\"https:\/\/www.hti-consulting.com\/fr\/#website\",\"url\":\"https:\/\/www.hti-consulting.com\/fr\/\",\"name\":\"Healthcare &amp; Technology International\",\"description\":\"Executive Search in Life Sciences\",\"publisher\":{\"@id\":\"https:\/\/www.hti-consulting.com\/fr\/#organization\"},\"potentialAction\":[{\"@type\":\"SearchAction\",\"target\":{\"@type\":\"EntryPoint\",\"urlTemplate\":\"https:\/\/www.hti-consulting.com\/fr\/?s={search_term_string}\"},\"query-input\":{\"@type\":\"PropertyValueSpecification\",\"valueRequired\":true,\"valueName\":\"search_term_string\"}}],\"inLanguage\":\"fr-FR\"},{\"@type\":\"Organization\",\"@id\":\"https:\/\/www.hti-consulting.com\/fr\/#organization\",\"name\":\"Healthcare Technology International\",\"url\":\"https:\/\/www.hti-consulting.com\/fr\/\",\"logo\":{\"@type\":\"ImageObject\",\"inLanguage\":\"fr-FR\",\"@id\":\"https:\/\/www.hti-consulting.com\/fr\/#\/schema\/logo\/image\/\",\"url\":\"https:\/\/www.hti-consulting.com\/wp-content\/uploads\/2023\/06\/cropped-HTI_grey_favicon.png\",\"contentUrl\":\"https:\/\/www.hti-consulting.com\/wp-content\/uploads\/2023\/06\/cropped-HTI_grey_favicon.png\",\"width\":512,\"height\":512,\"caption\":\"Healthcare Technology International\"},\"image\":{\"@id\":\"https:\/\/www.hti-consulting.com\/fr\/#\/schema\/logo\/image\/\"},\"sameAs\":[\"https:\/\/www.linkedin.com\/company\/1686431\/\",\"https:\/\/www.youtube.com\/channel\/UCtK46ZCxs8wR7h8sJCJiU9A\"]}]}<\/script>\n<!-- \/ Yoast SEO plugin. -->","yoast_head_json":{"title":"HTI \u2013 Cabinet de recrutement medtech biotech pharma sant\u00e9","description":"HTI - Cabinet de recrutement pour les industries de la sant\u00e9 et conseil RH de cadres dirigeants medtech, biotech et pharmacie","robots":{"index":"index","follow":"follow","max-snippet":"max-snippet:-1","max-image-preview":"max-image-preview:large","max-video-preview":"max-video-preview:-1"},"canonical":"https:\/\/www.hti-consulting.com\/fr\/","og_locale":"fr_FR","og_type":"article","og_title":"HTI \u2013 Cabinet de recrutement medtech biotech pharma sant\u00e9","og_description":"HTI - Cabinet de recrutement pour les industries de la sant\u00e9 et conseil RH de cadres dirigeants medtech, biotech et pharmacie","og_url":"https:\/\/www.hti-consulting.com\/fr\/","og_site_name":"Healthcare &amp; Technology International","article_modified_time":"2024-10-14T10:24:44+00:00","og_image":[{"url":"https:\/\/www.hti-consulting.com\/wp-content\/uploads\/2017\/10\/HTI_white-300x300.png","type":"","width":"","height":""}],"twitter_card":"summary_large_image","twitter_misc":{"Dur\u00e9e de lecture estim\u00e9e":"2 minutes"},"schema":{"@context":"https:\/\/schema.org","@graph":[{"@type":"WebPage","@id":"https:\/\/www.hti-consulting.com\/fr\/","url":"https:\/\/www.hti-consulting.com\/fr\/","name":"HTI \u2013 Cabinet de recrutement medtech biotech pharma sant\u00e9","isPartOf":{"@id":"https:\/\/www.hti-consulting.com\/fr\/#website"},"primaryImageOfPage":{"@id":"https:\/\/www.hti-consulting.com\/fr\/#primaryimage"},"image":{"@id":"https:\/\/www.hti-consulting.com\/fr\/#primaryimage"},"thumbnailUrl":"https:\/\/www.hti-consulting.com\/wp-content\/uploads\/2017\/10\/HTI_white-300x300.png","datePublished":"2017-10-06T13:33:32+00:00","dateModified":"2024-10-14T10:24:44+00:00","description":"HTI - Cabinet de recrutement pour les industries de la sant\u00e9 et conseil RH de cadres dirigeants medtech, biotech et pharmacie","breadcrumb":{"@id":"https:\/\/www.hti-consulting.com\/fr\/#breadcrumb"},"inLanguage":"fr-FR","potentialAction":[{"@type":"ReadAction","target":["https:\/\/www.hti-consulting.com\/fr\/"]}]},{"@type":"ImageObject","inLanguage":"fr-FR","@id":"https:\/\/www.hti-consulting.com\/fr\/#primaryimage","url":"https:\/\/www.hti-consulting.com\/wp-content\/uploads\/2017\/10\/HTI_white-300x300.png","contentUrl":"https:\/\/www.hti-consulting.com\/wp-content\/uploads\/2017\/10\/HTI_white-300x300.png"},{"@type":"BreadcrumbList","@id":"https:\/\/www.hti-consulting.com\/fr\/#breadcrumb","itemListElement":[{"@type":"ListItem","position":1,"name":"Accueil","item":"https:\/\/www.hti-consulting.com\/fr\/"},{"@type":"ListItem","position":2,"name":"Accueil"}]},{"@type":"WebSite","@id":"https:\/\/www.hti-consulting.com\/fr\/#website","url":"https:\/\/www.hti-consulting.com\/fr\/","name":"Healthcare &amp; Technology International","description":"Executive Search in Life Sciences","publisher":{"@id":"https:\/\/www.hti-consulting.com\/fr\/#organization"},"potentialAction":[{"@type":"SearchAction","target":{"@type":"EntryPoint","urlTemplate":"https:\/\/www.hti-consulting.com\/fr\/?s={search_term_string}"},"query-input":{"@type":"PropertyValueSpecification","valueRequired":true,"valueName":"search_term_string"}}],"inLanguage":"fr-FR"},{"@type":"Organization","@id":"https:\/\/www.hti-consulting.com\/fr\/#organization","name":"Healthcare Technology International","url":"https:\/\/www.hti-consulting.com\/fr\/","logo":{"@type":"ImageObject","inLanguage":"fr-FR","@id":"https:\/\/www.hti-consulting.com\/fr\/#\/schema\/logo\/image\/","url":"https:\/\/www.hti-consulting.com\/wp-content\/uploads\/2023\/06\/cropped-HTI_grey_favicon.png","contentUrl":"https:\/\/www.hti-consulting.com\/wp-content\/uploads\/2023\/06\/cropped-HTI_grey_favicon.png","width":512,"height":512,"caption":"Healthcare Technology International"},"image":{"@id":"https:\/\/www.hti-consulting.com\/fr\/#\/schema\/logo\/image\/"},"sameAs":["https:\/\/www.linkedin.com\/company\/1686431\/","https:\/\/www.youtube.com\/channel\/UCtK46ZCxs8wR7h8sJCJiU9A"]}]}},"_links":{"self":[{"href":"https:\/\/www.hti-consulting.com\/fr\/wp-json\/wp\/v2\/pages\/2261","targetHints":{"allow":["GET"]}}],"collection":[{"href":"https:\/\/www.hti-consulting.com\/fr\/wp-json\/wp\/v2\/pages"}],"about":[{"href":"https:\/\/www.hti-consulting.com\/fr\/wp-json\/wp\/v2\/types\/page"}],"author":[{"embeddable":true,"href":"https:\/\/www.hti-consulting.com\/fr\/wp-json\/wp\/v2\/users\/1"}],"replies":[{"embeddable":true,"href":"https:\/\/www.hti-consulting.com\/fr\/wp-json\/wp\/v2\/comments?post=2261"}],"version-history":[{"count":102,"href":"https:\/\/www.hti-consulting.com\/fr\/wp-json\/wp\/v2\/pages\/2261\/revisions"}],"predecessor-version":[{"id":3552,"href":"https:\/\/www.hti-consulting.com\/fr\/wp-json\/wp\/v2\/pages\/2261\/revisions\/3552"}],"wp:attachment":[{"href":"https:\/\/www.hti-consulting.com\/fr\/wp-json\/wp\/v2\/media?parent=2261"}],"curies":[{"name":"wp","href":"https:\/\/api.w.org\/{rel}","templated":true}]}}