{"id":3382,"date":"2024-03-06T12:25:09","date_gmt":"2024-03-06T11:25:09","guid":{"rendered":"https:\/\/www.hti-consulting.com\/?page_id=3382"},"modified":"2024-10-14T11:15:54","modified_gmt":"2024-10-14T09:15:54","slug":"soins-a-domicile","status":"publish","type":"page","link":"https:\/\/www.hti-consulting.com\/fr\/secteurs-recrutement-industries-sante\/soins-a-domicile\/","title":{"rendered":"Homecare"},"content":{"rendered":"<p>[vc_row][vc_column width=\u00a0\u00bb2\/12&Prime;][\/vc_column][vc_column width=\u00a0\u00bb8\/12&Prime;][vc_column_text]<\/p>\n<h2>HTI : Expertise RH pour le Homecare, votre partenaire de confiance<\/h2>\n<p>HTI consulting, sp\u00e9cialis\u00e9 dans le recrutement pour les industries de sant\u00e9 depuis plus de 30 ans, met son expertise m\u00e9tier \u00e0 votre service pour vous accompagner dans vos recrutements.[\/vc_column_text][vc_column_text]<\/p>\n<h3>Compr\u00e9hension des enjeux du Homecare<\/h3>\n<p>Nos professionnels d\u00e9di\u00e9s au secteur comprennent les d\u00e9fis sp\u00e9cifiques de l&rsquo;hospitalisation et du soin \u00e0 domicile, tels que la coordination des interventions des diff\u00e9rents professionnels de sant\u00e9, la gestion des protocoles de soins complexes et la r\u00e9ponse aux besoins des patients et de leurs familles.[\/vc_column_text][vc_column_text]<\/p>\n<h3>Notre approche directe pour trouver les meilleurs talents<\/h3>\n<p>Gr\u00e2ce \u00e0 notre vaste r\u00e9seau et \u00e0 notre connaissance approfondie du march\u00e9, nous sommes en mesure d&rsquo;identifier et de recruter les meilleurs talents pour r\u00e9pondre \u00e0 vos besoins sp\u00e9cifiques que ce soit dans la recherche de soignants, m\u00e9decins, psychologues et autres profils m\u00e9dicaux que de fonctions supports : directeurs financiers, commerciaux, marketing RH, qualit\u00e9, ing\u00e9nieurs biom\u00e9dicaux, data analysts.<\/p>\n<p>Notre processus de recrutement rigoureux et efficace garantit la qualit\u00e9 de nos services et le respect de vos exigences :<\/p>\n<ul>\n<li>D\u00e9finition du profil recherch\u00e9 en collaboration avec vous<\/li>\n<li>Approche directe des candidats<\/li>\n<li>\u00c9valuation et s\u00e9lection des meilleurs profils<\/li>\n<li>Int\u00e9gration du nouveau collaborateur<\/li>\n<\/ul>\n<p>En confiant vos recrutements \u00e0 HTI, vous b\u00e9n\u00e9ficiez de :<\/p>\n<ul>\n<li>Gain de temps et d&rsquo;efficacit\u00e9<\/li>\n<li>R\u00e9duction des risques de recrutement<\/li>\n<li>Am\u00e9lioration de la qualit\u00e9 de vos soins et satisfaction accrue des patients<\/li>\n<li>Acc\u00e9l\u00e9ration de votre croissance<\/li>\n<\/ul>\n<p>[\/vc_column_text][vc_separator][vc_column_text]<\/p>\n<h3>Articles li\u00e9s<\/h3>\n<p>[\/vc_column_text]\n\t\n\t\t<div class=\"row masonry\">\n\t\t\t<div class=\"masonry-item col-md-4 col-sm-6\">\n\t<div class=\"feature bg-secondary p32 pt40 pb40 mb0\">\n\t\n\t\t<span class=\"fade-1-4 mb16 display-block\">juillet 11, 2024 dans <a href=\"https:\/\/www.hti-consulting.com\/fr\/category\/news\/\" rel=\"category tag\">Actualit\u00e9s<\/a>, <a href=\"https:\/\/www.hti-consulting.com\/fr\/category\/sectors\/cosmetics-fr\/\" rel=\"category tag\">Cosm\u00e9tiques<\/a>, <a href=\"https:\/\/www.hti-consulting.com\/fr\/category\/sectors\/digital-health-fr\/\" rel=\"category tag\">Digital Health<\/a>, <a href=\"https:\/\/www.hti-consulting.com\/fr\/category\/sectors\/homecare\/\" rel=\"category tag\">Homecare<\/a>, <a href=\"https:\/\/www.hti-consulting.com\/fr\/category\/sectors\/imaging-equipment-fr\/\" rel=\"category tag\">Imaging Equipment<\/a>, <a href=\"https:\/\/www.hti-consulting.com\/fr\/category\/sectors\/medtech-diagnostic-fr\/\" rel=\"category tag\">Medtech\/Diagnostic<\/a>, <a href=\"https:\/\/www.hti-consulting.com\/fr\/category\/sectors\/pharma-services-cro-cdmo-fr\/\" rel=\"category tag\">Pharma Services\/CRO\/CDMO<\/a>, <a href=\"https:\/\/www.hti-consulting.com\/fr\/category\/sectors\/pharma-biotech-fr\/\" rel=\"category tag\">Pharma\/Biotech<\/a><\/span>\n\t\t\n\t\t<h4 class=\"mb120\">Comment valoriser vos soft skills pour r\u00e9ussir vos entretiens ?<\/h4>\t\t\n\t\t<a href=\"https:\/\/www.hti-consulting.com\/fr\/comment-valoriser-vos-soft-skills-pour-reussir-vos-entretiens\/\" class=\"mb0 right\">\n\t\t\t<h6 class=\"uppercase mb0 color-primary fade-on-hover\">Read Story <i class=\"ti-arrow-right\"><\/i><\/h6>\n\t\t<\/a>\n\t\t\n\t<\/div>\n<\/div><div class=\"masonry-item col-md-4 col-sm-6\">\n\t<div class=\"feature bg-secondary p32 pt40 pb40 mb0\">\n\t\n\t\t<span class=\"fade-1-4 mb16 display-block\">juin 5, 2024 dans <a href=\"https:\/\/www.hti-consulting.com\/fr\/category\/news\/\" rel=\"category tag\">Actualit\u00e9s<\/a>, <a href=\"https:\/\/www.hti-consulting.com\/fr\/category\/sectors\/homecare\/\" rel=\"category tag\">Homecare<\/a>, <a href=\"https:\/\/www.hti-consulting.com\/fr\/category\/sectors\/medtech-diagnostic-fr\/\" rel=\"category tag\">Medtech\/Diagnostic<\/a>, <a href=\"https:\/\/www.hti-consulting.com\/fr\/category\/sectors\/pharma-biotech-fr\/\" rel=\"category tag\">Pharma\/Biotech<\/a>, <a href=\"https:\/\/www.hti-consulting.com\/fr\/category\/sectors\/vc-private-equity-fr\/\" rel=\"category tag\">VC\/ Private Equity<\/a><\/span>\n\t\t\n\t\t<h4 class=\"mb120\">HTI  c\u00e9l\u00e8bre ses 25 ans !<\/h4>\t\t\n\t\t<a href=\"https:\/\/www.hti-consulting.com\/fr\/anniversaire-25-ans\/\" class=\"mb0 right\">\n\t\t\t<h6 class=\"uppercase mb0 color-primary fade-on-hover\">Read Story <i class=\"ti-arrow-right\"><\/i><\/h6>\n\t\t<\/a>\n\t\t\n\t<\/div>\n<\/div><div class=\"masonry-item col-md-4 col-sm-6\">\n\t<div class=\"feature bg-secondary p32 pt40 pb40 mb0\">\n\t\n\t\t<span class=\"fade-1-4 mb16 display-block\">novembre 5, 2023 dans <a href=\"https:\/\/www.hti-consulting.com\/fr\/category\/news\/\" rel=\"category tag\">Actualit\u00e9s<\/a>, <a href=\"https:\/\/www.hti-consulting.com\/fr\/category\/sectors\/cosmetics-fr\/\" rel=\"category tag\">Cosm\u00e9tiques<\/a>, <a href=\"https:\/\/www.hti-consulting.com\/fr\/category\/sectors\/digital-health-fr\/\" rel=\"category tag\">Digital Health<\/a>, <a href=\"https:\/\/www.hti-consulting.com\/fr\/category\/sectors\/homecare\/\" rel=\"category tag\">Homecare<\/a>, <a href=\"https:\/\/www.hti-consulting.com\/fr\/category\/sectors\/imaging-equipment-fr\/\" rel=\"category tag\">Imaging Equipment<\/a>, <a href=\"https:\/\/www.hti-consulting.com\/fr\/category\/sectors\/medtech-diagnostic-fr\/\" rel=\"category tag\">Medtech\/Diagnostic<\/a>, <a href=\"https:\/\/www.hti-consulting.com\/fr\/category\/sectors\/non-profit-organisation-fr\/\" rel=\"category tag\">Non Profit Organisation<\/a>, <a href=\"https:\/\/www.hti-consulting.com\/fr\/category\/sectors\/pharma-services-cro-cdmo-fr\/\" rel=\"category tag\">Pharma Services\/CRO\/CDMO<\/a>, <a href=\"https:\/\/www.hti-consulting.com\/fr\/category\/sectors\/pharma-biotech-fr\/\" rel=\"category tag\">Pharma\/Biotech<\/a>, <a href=\"https:\/\/www.hti-consulting.com\/fr\/category\/sectors\/\" rel=\"category tag\">Secteurs<\/a>, <a href=\"https:\/\/www.hti-consulting.com\/fr\/category\/sectors\/vc-private-equity-fr\/\" rel=\"category tag\">VC\/ Private Equity<\/a><\/span>\n\t\t\n\t\t<h4 class=\"mb120\">Pr\u00e9parer un recrutement pour le r\u00e9ussir<\/h4>\t\t\n\t\t<a href=\"https:\/\/www.hti-consulting.com\/fr\/preparer-un-recrutement-pour-le-reussir\/\" class=\"mb0 right\">\n\t\t\t<h6 class=\"uppercase mb0 color-primary fade-on-hover\">Read Story <i class=\"ti-arrow-right\"><\/i><\/h6>\n\t\t<\/a>\n\t\t\n\t<\/div>\n<\/div><div class=\"masonry-item col-md-4 col-sm-6\">\n\t<div class=\"feature bg-secondary p32 pt40 pb40 mb0\">\n\t\n\t\t<span class=\"fade-1-4 mb16 display-block\">mars 8, 2023 dans <a href=\"https:\/\/www.hti-consulting.com\/fr\/category\/news\/\" rel=\"category tag\">Actualit\u00e9s<\/a>, <a href=\"https:\/\/www.hti-consulting.com\/fr\/category\/sectors\/homecare\/\" rel=\"category tag\">Homecare<\/a><\/span>\n\t\t\n\t\t<h4 class=\"mb120\">\u00ab\u00a0Soins \u00e0 domicile : quels enjeux ?\u00a0\u00bb Alexis Gaucher<\/h4>\t\t\n\t\t<a href=\"https:\/\/www.hti-consulting.com\/fr\/soins-a-domicile-quels-enjeux-alexis-gaucher\/\" class=\"mb0 right\">\n\t\t\t<h6 class=\"uppercase mb0 color-primary fade-on-hover\">Read Story <i class=\"ti-arrow-right\"><\/i><\/h6>\n\t\t<\/a>\n\t\t\n\t<\/div>\n<\/div>\t\t<\/div>\n\n\t\t<div class=\"row\">\n\t\t\t\t\t<\/div>\n\n\t\n[\/vc_column][vc_column width=\u00a0\u00bb2\/12&Prime;][\/vc_column][\/vc_row][vc_row][vc_column width=\u00a0\u00bb2\/12&Prime;][\/vc_column][vc_column width=\u00a0\u00bb8\/12&Prime;][\/vc_column][vc_column width=\u00a0\u00bb2\/12&Prime;][\/vc_column][\/vc_row]<\/p>\n","protected":false},"excerpt":{"rendered":"<p>[vc_row][vc_column width=\u00a0\u00bb2\/12&Prime;][\/vc_column][vc_column width=\u00a0\u00bb8\/12&Prime;][vc_column_text] HTI : Expertise RH pour le Homecare, votre partenaire de confiance HTI consulting, sp\u00e9cialis\u00e9 dans le recrutement pour les industries de sant\u00e9&#8230;<a class=\"read-more\" href=\"https:\/\/www.hti-consulting.com\/fr\/soins-a-domicile-quels-enjeux-alexis-gaucher\/\"> En savoir plus<\/a><\/p>\n","protected":false},"author":1,"featured_media":3524,"parent":2361,"menu_order":0,"comment_status":"closed","ping_status":"closed","template":"","meta":{"footnotes":""},"class_list":["post-3382","page","type-page","status-publish","has-post-thumbnail","hentry"],"yoast_head":"<!-- This site is optimized with the Yoast SEO plugin v25.1 - https:\/\/yoast.com\/wordpress\/plugins\/seo\/ -->\n<title>Homecare - Healthcare &amp; Technology International<\/title>\n<meta name=\"robots\" content=\"index, follow, max-snippet:-1, max-image-preview:large, max-video-preview:-1\" \/>\n<link rel=\"canonical\" href=\"https:\/\/www.hti-consulting.com\/fr\/secteurs-recrutement-industries-sante\/soins-a-domicile\/\" \/>\n<meta property=\"og:locale\" content=\"fr_FR\" \/>\n<meta property=\"og:type\" content=\"article\" \/>\n<meta property=\"og:title\" content=\"Homecare - Healthcare &amp; Technology International\" \/>\n<meta property=\"og:description\" content=\"[vc_row][vc_column width=\u00a0\u00bb2\/12&Prime;][\/vc_column][vc_column width=\u00a0\u00bb8\/12&Prime;][vc_column_text] HTI : Expertise RH pour le Homecare, votre partenaire de confiance HTI consulting, sp\u00e9cialis\u00e9 dans le recrutement pour les industries de sant\u00e9... En savoir plus\" \/>\n<meta property=\"og:url\" content=\"https:\/\/www.hti-consulting.com\/fr\/secteurs-recrutement-industries-sante\/soins-a-domicile\/\" \/>\n<meta property=\"og:site_name\" content=\"Healthcare &amp; Technology International\" \/>\n<meta property=\"article:modified_time\" content=\"2024-10-14T09:15:54+00:00\" \/>\n<meta property=\"og:image\" content=\"https:\/\/www.hti-consulting.com\/wp-content\/uploads\/2024\/10\/homecare.jpg\" \/>\n\t<meta property=\"og:image:width\" content=\"1920\" \/>\n\t<meta property=\"og:image:height\" content=\"1080\" \/>\n\t<meta property=\"og:image:type\" content=\"image\/jpeg\" \/>\n<meta name=\"twitter:card\" content=\"summary_large_image\" \/>\n<meta name=\"twitter:label1\" content=\"Dur\u00e9e de lecture estim\u00e9e\" \/>\n\t<meta name=\"twitter:data1\" content=\"2 minutes\" \/>\n<script type=\"application\/ld+json\" class=\"yoast-schema-graph\">{\"@context\":\"https:\/\/schema.org\",\"@graph\":[{\"@type\":\"WebPage\",\"@id\":\"https:\/\/www.hti-consulting.com\/fr\/secteurs-recrutement-industries-sante\/soins-a-domicile\/\",\"url\":\"https:\/\/www.hti-consulting.com\/fr\/secteurs-recrutement-industries-sante\/soins-a-domicile\/\",\"name\":\"Homecare - Healthcare &amp; Technology International\",\"isPartOf\":{\"@id\":\"https:\/\/www.hti-consulting.com\/fr\/#website\"},\"primaryImageOfPage\":{\"@id\":\"https:\/\/www.hti-consulting.com\/fr\/secteurs-recrutement-industries-sante\/soins-a-domicile\/#primaryimage\"},\"image\":{\"@id\":\"https:\/\/www.hti-consulting.com\/fr\/secteurs-recrutement-industries-sante\/soins-a-domicile\/#primaryimage\"},\"thumbnailUrl\":\"https:\/\/www.hti-consulting.com\/wp-content\/uploads\/2024\/10\/homecare.jpg\",\"datePublished\":\"2024-03-06T11:25:09+00:00\",\"dateModified\":\"2024-10-14T09:15:54+00:00\",\"breadcrumb\":{\"@id\":\"https:\/\/www.hti-consulting.com\/fr\/secteurs-recrutement-industries-sante\/soins-a-domicile\/#breadcrumb\"},\"inLanguage\":\"fr-FR\",\"potentialAction\":[{\"@type\":\"ReadAction\",\"target\":[\"https:\/\/www.hti-consulting.com\/fr\/secteurs-recrutement-industries-sante\/soins-a-domicile\/\"]}]},{\"@type\":\"ImageObject\",\"inLanguage\":\"fr-FR\",\"@id\":\"https:\/\/www.hti-consulting.com\/fr\/secteurs-recrutement-industries-sante\/soins-a-domicile\/#primaryimage\",\"url\":\"https:\/\/www.hti-consulting.com\/wp-content\/uploads\/2024\/10\/homecare.jpg\",\"contentUrl\":\"https:\/\/www.hti-consulting.com\/wp-content\/uploads\/2024\/10\/homecare.jpg\",\"width\":1920,\"height\":1080},{\"@type\":\"BreadcrumbList\",\"@id\":\"https:\/\/www.hti-consulting.com\/fr\/secteurs-recrutement-industries-sante\/soins-a-domicile\/#breadcrumb\",\"itemListElement\":[{\"@type\":\"ListItem\",\"position\":1,\"name\":\"Accueil\",\"item\":\"https:\/\/www.hti-consulting.com\/fr\/\"},{\"@type\":\"ListItem\",\"position\":2,\"name\":\"Secteurs\",\"item\":\"https:\/\/www.hti-consulting.com\/fr\/secteurs-recrutement-industries-sante\/\"},{\"@type\":\"ListItem\",\"position\":3,\"name\":\"Homecare\"}]},{\"@type\":\"WebSite\",\"@id\":\"https:\/\/www.hti-consulting.com\/fr\/#website\",\"url\":\"https:\/\/www.hti-consulting.com\/fr\/\",\"name\":\"Healthcare &amp; Technology International\",\"description\":\"Executive Search in Life Sciences\",\"publisher\":{\"@id\":\"https:\/\/www.hti-consulting.com\/fr\/#organization\"},\"potentialAction\":[{\"@type\":\"SearchAction\",\"target\":{\"@type\":\"EntryPoint\",\"urlTemplate\":\"https:\/\/www.hti-consulting.com\/fr\/?s={search_term_string}\"},\"query-input\":{\"@type\":\"PropertyValueSpecification\",\"valueRequired\":true,\"valueName\":\"search_term_string\"}}],\"inLanguage\":\"fr-FR\"},{\"@type\":\"Organization\",\"@id\":\"https:\/\/www.hti-consulting.com\/fr\/#organization\",\"name\":\"Healthcare Technology International\",\"url\":\"https:\/\/www.hti-consulting.com\/fr\/\",\"logo\":{\"@type\":\"ImageObject\",\"inLanguage\":\"fr-FR\",\"@id\":\"https:\/\/www.hti-consulting.com\/fr\/#\/schema\/logo\/image\/\",\"url\":\"https:\/\/www.hti-consulting.com\/wp-content\/uploads\/2023\/06\/cropped-HTI_grey_favicon.png\",\"contentUrl\":\"https:\/\/www.hti-consulting.com\/wp-content\/uploads\/2023\/06\/cropped-HTI_grey_favicon.png\",\"width\":512,\"height\":512,\"caption\":\"Healthcare Technology International\"},\"image\":{\"@id\":\"https:\/\/www.hti-consulting.com\/fr\/#\/schema\/logo\/image\/\"},\"sameAs\":[\"https:\/\/www.linkedin.com\/company\/1686431\/\",\"https:\/\/www.youtube.com\/channel\/UCtK46ZCxs8wR7h8sJCJiU9A\"]}]}<\/script>\n<!-- \/ Yoast SEO plugin. -->","yoast_head_json":{"title":"Homecare - Healthcare &amp; Technology International","robots":{"index":"index","follow":"follow","max-snippet":"max-snippet:-1","max-image-preview":"max-image-preview:large","max-video-preview":"max-video-preview:-1"},"canonical":"https:\/\/www.hti-consulting.com\/fr\/secteurs-recrutement-industries-sante\/soins-a-domicile\/","og_locale":"fr_FR","og_type":"article","og_title":"Homecare - Healthcare &amp; Technology International","og_description":"[vc_row][vc_column width=\u00a0\u00bb2\/12&Prime;][\/vc_column][vc_column width=\u00a0\u00bb8\/12&Prime;][vc_column_text] HTI : Expertise RH pour le Homecare, votre partenaire de confiance HTI consulting, sp\u00e9cialis\u00e9 dans le recrutement pour les industries de sant\u00e9... En savoir plus","og_url":"https:\/\/www.hti-consulting.com\/fr\/secteurs-recrutement-industries-sante\/soins-a-domicile\/","og_site_name":"Healthcare &amp; Technology International","article_modified_time":"2024-10-14T09:15:54+00:00","og_image":[{"width":1920,"height":1080,"url":"https:\/\/www.hti-consulting.com\/wp-content\/uploads\/2024\/10\/homecare.jpg","type":"image\/jpeg"}],"twitter_card":"summary_large_image","twitter_misc":{"Dur\u00e9e de lecture estim\u00e9e":"2 minutes"},"schema":{"@context":"https:\/\/schema.org","@graph":[{"@type":"WebPage","@id":"https:\/\/www.hti-consulting.com\/fr\/secteurs-recrutement-industries-sante\/soins-a-domicile\/","url":"https:\/\/www.hti-consulting.com\/fr\/secteurs-recrutement-industries-sante\/soins-a-domicile\/","name":"Homecare - Healthcare &amp; Technology International","isPartOf":{"@id":"https:\/\/www.hti-consulting.com\/fr\/#website"},"primaryImageOfPage":{"@id":"https:\/\/www.hti-consulting.com\/fr\/secteurs-recrutement-industries-sante\/soins-a-domicile\/#primaryimage"},"image":{"@id":"https:\/\/www.hti-consulting.com\/fr\/secteurs-recrutement-industries-sante\/soins-a-domicile\/#primaryimage"},"thumbnailUrl":"https:\/\/www.hti-consulting.com\/wp-content\/uploads\/2024\/10\/homecare.jpg","datePublished":"2024-03-06T11:25:09+00:00","dateModified":"2024-10-14T09:15:54+00:00","breadcrumb":{"@id":"https:\/\/www.hti-consulting.com\/fr\/secteurs-recrutement-industries-sante\/soins-a-domicile\/#breadcrumb"},"inLanguage":"fr-FR","potentialAction":[{"@type":"ReadAction","target":["https:\/\/www.hti-consulting.com\/fr\/secteurs-recrutement-industries-sante\/soins-a-domicile\/"]}]},{"@type":"ImageObject","inLanguage":"fr-FR","@id":"https:\/\/www.hti-consulting.com\/fr\/secteurs-recrutement-industries-sante\/soins-a-domicile\/#primaryimage","url":"https:\/\/www.hti-consulting.com\/wp-content\/uploads\/2024\/10\/homecare.jpg","contentUrl":"https:\/\/www.hti-consulting.com\/wp-content\/uploads\/2024\/10\/homecare.jpg","width":1920,"height":1080},{"@type":"BreadcrumbList","@id":"https:\/\/www.hti-consulting.com\/fr\/secteurs-recrutement-industries-sante\/soins-a-domicile\/#breadcrumb","itemListElement":[{"@type":"ListItem","position":1,"name":"Accueil","item":"https:\/\/www.hti-consulting.com\/fr\/"},{"@type":"ListItem","position":2,"name":"Secteurs","item":"https:\/\/www.hti-consulting.com\/fr\/secteurs-recrutement-industries-sante\/"},{"@type":"ListItem","position":3,"name":"Homecare"}]},{"@type":"WebSite","@id":"https:\/\/www.hti-consulting.com\/fr\/#website","url":"https:\/\/www.hti-consulting.com\/fr\/","name":"Healthcare &amp; Technology International","description":"Executive Search in Life Sciences","publisher":{"@id":"https:\/\/www.hti-consulting.com\/fr\/#organization"},"potentialAction":[{"@type":"SearchAction","target":{"@type":"EntryPoint","urlTemplate":"https:\/\/www.hti-consulting.com\/fr\/?s={search_term_string}"},"query-input":{"@type":"PropertyValueSpecification","valueRequired":true,"valueName":"search_term_string"}}],"inLanguage":"fr-FR"},{"@type":"Organization","@id":"https:\/\/www.hti-consulting.com\/fr\/#organization","name":"Healthcare Technology International","url":"https:\/\/www.hti-consulting.com\/fr\/","logo":{"@type":"ImageObject","inLanguage":"fr-FR","@id":"https:\/\/www.hti-consulting.com\/fr\/#\/schema\/logo\/image\/","url":"https:\/\/www.hti-consulting.com\/wp-content\/uploads\/2023\/06\/cropped-HTI_grey_favicon.png","contentUrl":"https:\/\/www.hti-consulting.com\/wp-content\/uploads\/2023\/06\/cropped-HTI_grey_favicon.png","width":512,"height":512,"caption":"Healthcare Technology International"},"image":{"@id":"https:\/\/www.hti-consulting.com\/fr\/#\/schema\/logo\/image\/"},"sameAs":["https:\/\/www.linkedin.com\/company\/1686431\/","https:\/\/www.youtube.com\/channel\/UCtK46ZCxs8wR7h8sJCJiU9A"]}]}},"_links":{"self":[{"href":"https:\/\/www.hti-consulting.com\/fr\/wp-json\/wp\/v2\/pages\/3382","targetHints":{"allow":["GET"]}}],"collection":[{"href":"https:\/\/www.hti-consulting.com\/fr\/wp-json\/wp\/v2\/pages"}],"about":[{"href":"https:\/\/www.hti-consulting.com\/fr\/wp-json\/wp\/v2\/types\/page"}],"author":[{"embeddable":true,"href":"https:\/\/www.hti-consulting.com\/fr\/wp-json\/wp\/v2\/users\/1"}],"replies":[{"embeddable":true,"href":"https:\/\/www.hti-consulting.com\/fr\/wp-json\/wp\/v2\/comments?post=3382"}],"version-history":[{"count":19,"href":"https:\/\/www.hti-consulting.com\/fr\/wp-json\/wp\/v2\/pages\/3382\/revisions"}],"predecessor-version":[{"id":3548,"href":"https:\/\/www.hti-consulting.com\/fr\/wp-json\/wp\/v2\/pages\/3382\/revisions\/3548"}],"up":[{"embeddable":true,"href":"https:\/\/www.hti-consulting.com\/fr\/wp-json\/wp\/v2\/pages\/2361"}],"wp:featuredmedia":[{"embeddable":true,"href":"https:\/\/www.hti-consulting.com\/fr\/wp-json\/wp\/v2\/media\/3524"}],"wp:attachment":[{"href":"https:\/\/www.hti-consulting.com\/fr\/wp-json\/wp\/v2\/media?parent=3382"}],"curies":[{"name":"wp","href":"https:\/\/api.w.org\/{rel}","templated":true}]}}