{"id":3389,"date":"2024-03-06T12:27:01","date_gmt":"2024-03-06T11:27:01","guid":{"rendered":"https:\/\/www.hti-consulting.com\/?page_id=3389"},"modified":"2024-10-14T12:20:16","modified_gmt":"2024-10-14T10:20:16","slug":"vc-private-equity","status":"publish","type":"page","link":"https:\/\/www.hti-consulting.com\/fr\/secteurs-recrutement-industries-sante\/vc-private-equity\/","title":{"rendered":"VC Private Equity"},"content":{"rendered":"<p>[vc_row][vc_column width=\u00a0\u00bb2\/12&Prime;][\/vc_column][vc_column width=\u00a0\u00bb8\/12&Prime;][vc_column_text]<\/p>\n<h2>Private Equity : Le recrutement et le conseil RH au service de la performance<\/h2>\n<p>Le Cabinet HTI est naturellement proche du secteur de l&rsquo;investissement qui joue un r\u00f4le d\u00e9terminant dans le secteur de la sant\u00e9 en soutien d&rsquo;entreprises prometteuses.<\/p>\n<p>Nous travaillons avec tous les types d&rsquo;investisseurs du priv\u00e9 aux family offices, soci\u00e9t\u00e9s de capital-risque et de capital-investissement.<\/p>\n<p>Notre cabinet de recrutement vous accompagne dans la recherche et la construction d&rsquo;\u00e9quipes pour tous les postes n\u00e9cessaires \u00e0 l&rsquo;\u00e9volution des soci\u00e9t\u00e9s financ\u00e9es par les investisseurs.<\/p>\n<p>Par ailleurs HTI propose des services de conseil en rh et en marketing clinique, conseils pr\u00e9cieux pour assurer le succ\u00e8s de ces soci\u00e9t\u00e9s.[\/vc_column_text][\/vc_column][vc_column width=\u00a0\u00bb2\/12&Prime;][\/vc_column][\/vc_row][vc_row][vc_column]\n\t\n\t\t<div class=\"row masonry\">\n\t\t\t<div class=\"masonry-item col-md-4 col-sm-6\">\n\t<div class=\"feature bg-secondary p32 pt40 pb40 mb0\">\n\t\n\t\t<span class=\"fade-1-4 mb16 display-block\">juin 5, 2024 dans <a href=\"https:\/\/www.hti-consulting.com\/fr\/category\/news\/\" rel=\"category tag\">Actualit\u00e9s<\/a>, <a href=\"https:\/\/www.hti-consulting.com\/fr\/category\/sectors\/homecare\/\" rel=\"category tag\">Homecare<\/a>, <a href=\"https:\/\/www.hti-consulting.com\/fr\/category\/sectors\/medtech-diagnostic-fr\/\" rel=\"category tag\">Medtech\/Diagnostic<\/a>, <a href=\"https:\/\/www.hti-consulting.com\/fr\/category\/sectors\/pharma-biotech-fr\/\" rel=\"category tag\">Pharma\/Biotech<\/a>, <a href=\"https:\/\/www.hti-consulting.com\/fr\/category\/sectors\/vc-private-equity-fr\/\" rel=\"category tag\">VC\/ Private Equity<\/a><\/span>\n\t\t\n\t\t<h4 class=\"mb120\">HTI  c\u00e9l\u00e8bre ses 25 ans !<\/h4>\t\t\n\t\t<a href=\"https:\/\/www.hti-consulting.com\/fr\/anniversaire-25-ans\/\" class=\"mb0 right\">\n\t\t\t<h6 class=\"uppercase mb0 color-primary fade-on-hover\">Read Story <i class=\"ti-arrow-right\"><\/i><\/h6>\n\t\t<\/a>\n\t\t\n\t<\/div>\n<\/div><div class=\"masonry-item col-md-4 col-sm-6\">\n\t<div class=\"feature bg-secondary p32 pt40 pb40 mb0\">\n\t\n\t\t<span class=\"fade-1-4 mb16 display-block\">avril 15, 2024 dans <a href=\"https:\/\/www.hti-consulting.com\/fr\/category\/news\/\" rel=\"category tag\">Actualit\u00e9s<\/a>, <a href=\"https:\/\/www.hti-consulting.com\/fr\/category\/sectors\/medtech-diagnostic-fr\/\" rel=\"category tag\">Medtech\/Diagnostic<\/a>, <a href=\"https:\/\/www.hti-consulting.com\/fr\/category\/sectors\/non-profit-organisation-fr\/\" rel=\"category tag\">Non Profit Organisation<\/a>, <a href=\"https:\/\/www.hti-consulting.com\/fr\/category\/opportunities\/\" rel=\"category tag\">Opportunit\u00e9s<\/a>, <a href=\"https:\/\/www.hti-consulting.com\/fr\/category\/sectors\/pharma-services-cro-cdmo-fr\/\" rel=\"category tag\">Pharma Services\/CRO\/CDMO<\/a>, <a href=\"https:\/\/www.hti-consulting.com\/fr\/category\/sectors\/pharma-biotech-fr\/\" rel=\"category tag\">Pharma\/Biotech<\/a>, <a href=\"https:\/\/www.hti-consulting.com\/fr\/category\/sectors\/vc-private-equity-fr\/\" rel=\"category tag\">VC\/ Private Equity<\/a><\/span>\n\t\t\n\t\t<h4 class=\"mb120\">Le Mentoring : ses 5 atouts cl\u00e9s pour la r\u00e9ussite des managers<\/h4>\t\t\n\t\t<a href=\"https:\/\/www.hti-consulting.com\/fr\/le-mentoring-ses-5-atouts-cles-pour-la-reussite-des-managers\/\" class=\"mb0 right\">\n\t\t\t<h6 class=\"uppercase mb0 color-primary fade-on-hover\">Read Story <i class=\"ti-arrow-right\"><\/i><\/h6>\n\t\t<\/a>\n\t\t\n\t<\/div>\n<\/div><div class=\"masonry-item col-md-4 col-sm-6\">\n\t<div class=\"feature bg-secondary p32 pt40 pb40 mb0\">\n\t\n\t\t<span class=\"fade-1-4 mb16 display-block\">novembre 5, 2023 dans <a href=\"https:\/\/www.hti-consulting.com\/fr\/category\/news\/\" rel=\"category tag\">Actualit\u00e9s<\/a>, <a href=\"https:\/\/www.hti-consulting.com\/fr\/category\/sectors\/cosmetics-fr\/\" rel=\"category tag\">Cosm\u00e9tiques<\/a>, <a href=\"https:\/\/www.hti-consulting.com\/fr\/category\/sectors\/digital-health-fr\/\" rel=\"category tag\">Digital Health<\/a>, <a href=\"https:\/\/www.hti-consulting.com\/fr\/category\/sectors\/homecare\/\" rel=\"category tag\">Homecare<\/a>, <a href=\"https:\/\/www.hti-consulting.com\/fr\/category\/sectors\/imaging-equipment-fr\/\" rel=\"category tag\">Imaging Equipment<\/a>, <a href=\"https:\/\/www.hti-consulting.com\/fr\/category\/sectors\/medtech-diagnostic-fr\/\" rel=\"category tag\">Medtech\/Diagnostic<\/a>, <a href=\"https:\/\/www.hti-consulting.com\/fr\/category\/sectors\/non-profit-organisation-fr\/\" rel=\"category tag\">Non Profit Organisation<\/a>, <a href=\"https:\/\/www.hti-consulting.com\/fr\/category\/sectors\/pharma-services-cro-cdmo-fr\/\" rel=\"category tag\">Pharma Services\/CRO\/CDMO<\/a>, <a href=\"https:\/\/www.hti-consulting.com\/fr\/category\/sectors\/pharma-biotech-fr\/\" rel=\"category tag\">Pharma\/Biotech<\/a>, <a href=\"https:\/\/www.hti-consulting.com\/fr\/category\/sectors\/\" rel=\"category tag\">Secteurs<\/a>, <a href=\"https:\/\/www.hti-consulting.com\/fr\/category\/sectors\/vc-private-equity-fr\/\" rel=\"category tag\">VC\/ Private Equity<\/a><\/span>\n\t\t\n\t\t<h4 class=\"mb120\">Pr\u00e9parer un recrutement pour le r\u00e9ussir<\/h4>\t\t\n\t\t<a href=\"https:\/\/www.hti-consulting.com\/fr\/preparer-un-recrutement-pour-le-reussir\/\" class=\"mb0 right\">\n\t\t\t<h6 class=\"uppercase mb0 color-primary fade-on-hover\">Read Story <i class=\"ti-arrow-right\"><\/i><\/h6>\n\t\t<\/a>\n\t\t\n\t<\/div>\n<\/div><div class=\"masonry-item col-md-4 col-sm-6\">\n\t<div class=\"feature bg-secondary p32 pt40 pb40 mb0\">\n\t\n\t\t<span class=\"fade-1-4 mb16 display-block\">mars 15, 2023 dans <a href=\"https:\/\/www.hti-consulting.com\/fr\/category\/news\/\" rel=\"category tag\">Actualit\u00e9s<\/a>, <a href=\"https:\/\/www.hti-consulting.com\/fr\/category\/sectors\/vc-private-equity-fr\/\" rel=\"category tag\">VC\/ Private Equity<\/a><\/span>\n\t\t\n\t\t<h4 class=\"mb120\">\u00ab\u00a0Comment attirer les talents lorsqu&rsquo;on est une startup ?\u00a0\u00bb Anne Mascarelli<\/h4>\t\t\n\t\t<a href=\"https:\/\/www.hti-consulting.com\/fr\/comment-attirer-les-talents\/\" class=\"mb0 right\">\n\t\t\t<h6 class=\"uppercase mb0 color-primary fade-on-hover\">Read Story <i class=\"ti-arrow-right\"><\/i><\/h6>\n\t\t<\/a>\n\t\t\n\t<\/div>\n<\/div><div class=\"masonry-item col-md-4 col-sm-6\">\n\t<div class=\"feature bg-secondary p32 pt40 pb40 mb0\">\n\t\n\t\t<span class=\"fade-1-4 mb16 display-block\">mars 6, 2023 dans <a href=\"https:\/\/www.hti-consulting.com\/fr\/category\/news\/\" rel=\"category tag\">Actualit\u00e9s<\/a>, <a href=\"https:\/\/www.hti-consulting.com\/fr\/category\/sectors\/vc-private-equity-fr\/\" rel=\"category tag\">VC\/ Private Equity<\/a><\/span>\n\t\t\n\t\t<h4 class=\"mb120\">\u00ab\u00a0Gouvernance : quelle place pour les investisseurs suite \u00e0 une lev\u00e9e de fonds ?\u00a0\u00bb Edith Howard<\/h4>\t\t\n\t\t<a href=\"https:\/\/www.hti-consulting.com\/fr\/gouvernance-quelle-place-pour-les-investisseurs-suite-a-une-levee-de-fonds-edith-howard\/\" class=\"mb0 right\">\n\t\t\t<h6 class=\"uppercase mb0 color-primary fade-on-hover\">Read Story <i class=\"ti-arrow-right\"><\/i><\/h6>\n\t\t<\/a>\n\t\t\n\t<\/div>\n<\/div>\t\t<\/div>\n\n\t\t<div class=\"row\">\n\t\t\t\t\t<\/div>\n\n\t\n[\/vc_column][\/vc_row]<\/p>\n","protected":false},"excerpt":{"rendered":"<p>[vc_row][vc_column width=\u00a0\u00bb2\/12&Prime;][\/vc_column][vc_column width=\u00a0\u00bb8\/12&Prime;][vc_column_text] Private Equity : Le recrutement et le conseil RH au service de la performance Le Cabinet HTI est naturellement proche du secteur&#8230;<a class=\"read-more\" href=\"https:\/\/www.hti-consulting.com\/fr\/gouvernance-quelle-place-pour-les-investisseurs-suite-a-une-levee-de-fonds-edith-howard\/\"> En savoir plus<\/a><\/p>\n","protected":false},"author":1,"featured_media":3538,"parent":2361,"menu_order":0,"comment_status":"closed","ping_status":"closed","template":"","meta":{"footnotes":""},"class_list":["post-3389","page","type-page","status-publish","has-post-thumbnail","hentry"],"yoast_head":"<!-- This site is optimized with the Yoast SEO plugin v25.1 - https:\/\/yoast.com\/wordpress\/plugins\/seo\/ -->\n<title>VC Private Equity - Healthcare &amp; Technology International<\/title>\n<meta name=\"robots\" content=\"index, follow, max-snippet:-1, max-image-preview:large, max-video-preview:-1\" \/>\n<link rel=\"canonical\" href=\"https:\/\/www.hti-consulting.com\/fr\/secteurs-recrutement-industries-sante\/vc-private-equity\/\" \/>\n<meta property=\"og:locale\" content=\"fr_FR\" \/>\n<meta property=\"og:type\" content=\"article\" \/>\n<meta property=\"og:title\" content=\"VC Private Equity - Healthcare &amp; Technology International\" \/>\n<meta property=\"og:description\" content=\"[vc_row][vc_column width=\u00a0\u00bb2\/12&Prime;][\/vc_column][vc_column width=\u00a0\u00bb8\/12&Prime;][vc_column_text] Private Equity : Le recrutement et le conseil RH au service de la performance Le Cabinet HTI est naturellement proche du secteur... En savoir plus\" \/>\n<meta property=\"og:url\" content=\"https:\/\/www.hti-consulting.com\/fr\/secteurs-recrutement-industries-sante\/vc-private-equity\/\" \/>\n<meta property=\"og:site_name\" content=\"Healthcare &amp; Technology International\" \/>\n<meta property=\"article:modified_time\" content=\"2024-10-14T10:20:16+00:00\" \/>\n<meta property=\"og:image\" content=\"https:\/\/www.hti-consulting.com\/wp-content\/uploads\/2024\/10\/VC-PRIVATE-EQUITY.jpg\" \/>\n\t<meta property=\"og:image:width\" content=\"1920\" \/>\n\t<meta property=\"og:image:height\" content=\"1080\" \/>\n\t<meta property=\"og:image:type\" content=\"image\/jpeg\" \/>\n<meta name=\"twitter:card\" content=\"summary_large_image\" \/>\n<meta name=\"twitter:label1\" content=\"Dur\u00e9e de lecture estim\u00e9e\" \/>\n\t<meta name=\"twitter:data1\" content=\"1 minute\" \/>\n<script type=\"application\/ld+json\" class=\"yoast-schema-graph\">{\"@context\":\"https:\/\/schema.org\",\"@graph\":[{\"@type\":\"WebPage\",\"@id\":\"https:\/\/www.hti-consulting.com\/fr\/secteurs-recrutement-industries-sante\/vc-private-equity\/\",\"url\":\"https:\/\/www.hti-consulting.com\/fr\/secteurs-recrutement-industries-sante\/vc-private-equity\/\",\"name\":\"VC Private Equity - Healthcare &amp; Technology International\",\"isPartOf\":{\"@id\":\"https:\/\/www.hti-consulting.com\/fr\/#website\"},\"primaryImageOfPage\":{\"@id\":\"https:\/\/www.hti-consulting.com\/fr\/secteurs-recrutement-industries-sante\/vc-private-equity\/#primaryimage\"},\"image\":{\"@id\":\"https:\/\/www.hti-consulting.com\/fr\/secteurs-recrutement-industries-sante\/vc-private-equity\/#primaryimage\"},\"thumbnailUrl\":\"https:\/\/www.hti-consulting.com\/wp-content\/uploads\/2024\/10\/VC-PRIVATE-EQUITY.jpg\",\"datePublished\":\"2024-03-06T11:27:01+00:00\",\"dateModified\":\"2024-10-14T10:20:16+00:00\",\"breadcrumb\":{\"@id\":\"https:\/\/www.hti-consulting.com\/fr\/secteurs-recrutement-industries-sante\/vc-private-equity\/#breadcrumb\"},\"inLanguage\":\"fr-FR\",\"potentialAction\":[{\"@type\":\"ReadAction\",\"target\":[\"https:\/\/www.hti-consulting.com\/fr\/secteurs-recrutement-industries-sante\/vc-private-equity\/\"]}]},{\"@type\":\"ImageObject\",\"inLanguage\":\"fr-FR\",\"@id\":\"https:\/\/www.hti-consulting.com\/fr\/secteurs-recrutement-industries-sante\/vc-private-equity\/#primaryimage\",\"url\":\"https:\/\/www.hti-consulting.com\/wp-content\/uploads\/2024\/10\/VC-PRIVATE-EQUITY.jpg\",\"contentUrl\":\"https:\/\/www.hti-consulting.com\/wp-content\/uploads\/2024\/10\/VC-PRIVATE-EQUITY.jpg\",\"width\":1920,\"height\":1080},{\"@type\":\"BreadcrumbList\",\"@id\":\"https:\/\/www.hti-consulting.com\/fr\/secteurs-recrutement-industries-sante\/vc-private-equity\/#breadcrumb\",\"itemListElement\":[{\"@type\":\"ListItem\",\"position\":1,\"name\":\"Accueil\",\"item\":\"https:\/\/www.hti-consulting.com\/fr\/\"},{\"@type\":\"ListItem\",\"position\":2,\"name\":\"Secteurs\",\"item\":\"https:\/\/www.hti-consulting.com\/fr\/secteurs-recrutement-industries-sante\/\"},{\"@type\":\"ListItem\",\"position\":3,\"name\":\"VC Private Equity\"}]},{\"@type\":\"WebSite\",\"@id\":\"https:\/\/www.hti-consulting.com\/fr\/#website\",\"url\":\"https:\/\/www.hti-consulting.com\/fr\/\",\"name\":\"Healthcare &amp; Technology International\",\"description\":\"Executive Search in Life Sciences\",\"publisher\":{\"@id\":\"https:\/\/www.hti-consulting.com\/fr\/#organization\"},\"potentialAction\":[{\"@type\":\"SearchAction\",\"target\":{\"@type\":\"EntryPoint\",\"urlTemplate\":\"https:\/\/www.hti-consulting.com\/fr\/?s={search_term_string}\"},\"query-input\":{\"@type\":\"PropertyValueSpecification\",\"valueRequired\":true,\"valueName\":\"search_term_string\"}}],\"inLanguage\":\"fr-FR\"},{\"@type\":\"Organization\",\"@id\":\"https:\/\/www.hti-consulting.com\/fr\/#organization\",\"name\":\"Healthcare Technology International\",\"url\":\"https:\/\/www.hti-consulting.com\/fr\/\",\"logo\":{\"@type\":\"ImageObject\",\"inLanguage\":\"fr-FR\",\"@id\":\"https:\/\/www.hti-consulting.com\/fr\/#\/schema\/logo\/image\/\",\"url\":\"https:\/\/www.hti-consulting.com\/wp-content\/uploads\/2023\/06\/cropped-HTI_grey_favicon.png\",\"contentUrl\":\"https:\/\/www.hti-consulting.com\/wp-content\/uploads\/2023\/06\/cropped-HTI_grey_favicon.png\",\"width\":512,\"height\":512,\"caption\":\"Healthcare Technology International\"},\"image\":{\"@id\":\"https:\/\/www.hti-consulting.com\/fr\/#\/schema\/logo\/image\/\"},\"sameAs\":[\"https:\/\/www.linkedin.com\/company\/1686431\/\",\"https:\/\/www.youtube.com\/channel\/UCtK46ZCxs8wR7h8sJCJiU9A\"]}]}<\/script>\n<!-- \/ Yoast SEO plugin. -->","yoast_head_json":{"title":"VC Private Equity - Healthcare &amp; Technology International","robots":{"index":"index","follow":"follow","max-snippet":"max-snippet:-1","max-image-preview":"max-image-preview:large","max-video-preview":"max-video-preview:-1"},"canonical":"https:\/\/www.hti-consulting.com\/fr\/secteurs-recrutement-industries-sante\/vc-private-equity\/","og_locale":"fr_FR","og_type":"article","og_title":"VC Private Equity - Healthcare &amp; Technology International","og_description":"[vc_row][vc_column width=\u00a0\u00bb2\/12&Prime;][\/vc_column][vc_column width=\u00a0\u00bb8\/12&Prime;][vc_column_text] Private Equity : Le recrutement et le conseil RH au service de la performance Le Cabinet HTI est naturellement proche du secteur... En savoir plus","og_url":"https:\/\/www.hti-consulting.com\/fr\/secteurs-recrutement-industries-sante\/vc-private-equity\/","og_site_name":"Healthcare &amp; Technology International","article_modified_time":"2024-10-14T10:20:16+00:00","og_image":[{"width":1920,"height":1080,"url":"https:\/\/www.hti-consulting.com\/wp-content\/uploads\/2024\/10\/VC-PRIVATE-EQUITY.jpg","type":"image\/jpeg"}],"twitter_card":"summary_large_image","twitter_misc":{"Dur\u00e9e de lecture estim\u00e9e":"1 minute"},"schema":{"@context":"https:\/\/schema.org","@graph":[{"@type":"WebPage","@id":"https:\/\/www.hti-consulting.com\/fr\/secteurs-recrutement-industries-sante\/vc-private-equity\/","url":"https:\/\/www.hti-consulting.com\/fr\/secteurs-recrutement-industries-sante\/vc-private-equity\/","name":"VC Private Equity - Healthcare &amp; Technology International","isPartOf":{"@id":"https:\/\/www.hti-consulting.com\/fr\/#website"},"primaryImageOfPage":{"@id":"https:\/\/www.hti-consulting.com\/fr\/secteurs-recrutement-industries-sante\/vc-private-equity\/#primaryimage"},"image":{"@id":"https:\/\/www.hti-consulting.com\/fr\/secteurs-recrutement-industries-sante\/vc-private-equity\/#primaryimage"},"thumbnailUrl":"https:\/\/www.hti-consulting.com\/wp-content\/uploads\/2024\/10\/VC-PRIVATE-EQUITY.jpg","datePublished":"2024-03-06T11:27:01+00:00","dateModified":"2024-10-14T10:20:16+00:00","breadcrumb":{"@id":"https:\/\/www.hti-consulting.com\/fr\/secteurs-recrutement-industries-sante\/vc-private-equity\/#breadcrumb"},"inLanguage":"fr-FR","potentialAction":[{"@type":"ReadAction","target":["https:\/\/www.hti-consulting.com\/fr\/secteurs-recrutement-industries-sante\/vc-private-equity\/"]}]},{"@type":"ImageObject","inLanguage":"fr-FR","@id":"https:\/\/www.hti-consulting.com\/fr\/secteurs-recrutement-industries-sante\/vc-private-equity\/#primaryimage","url":"https:\/\/www.hti-consulting.com\/wp-content\/uploads\/2024\/10\/VC-PRIVATE-EQUITY.jpg","contentUrl":"https:\/\/www.hti-consulting.com\/wp-content\/uploads\/2024\/10\/VC-PRIVATE-EQUITY.jpg","width":1920,"height":1080},{"@type":"BreadcrumbList","@id":"https:\/\/www.hti-consulting.com\/fr\/secteurs-recrutement-industries-sante\/vc-private-equity\/#breadcrumb","itemListElement":[{"@type":"ListItem","position":1,"name":"Accueil","item":"https:\/\/www.hti-consulting.com\/fr\/"},{"@type":"ListItem","position":2,"name":"Secteurs","item":"https:\/\/www.hti-consulting.com\/fr\/secteurs-recrutement-industries-sante\/"},{"@type":"ListItem","position":3,"name":"VC Private Equity"}]},{"@type":"WebSite","@id":"https:\/\/www.hti-consulting.com\/fr\/#website","url":"https:\/\/www.hti-consulting.com\/fr\/","name":"Healthcare &amp; Technology International","description":"Executive Search in Life Sciences","publisher":{"@id":"https:\/\/www.hti-consulting.com\/fr\/#organization"},"potentialAction":[{"@type":"SearchAction","target":{"@type":"EntryPoint","urlTemplate":"https:\/\/www.hti-consulting.com\/fr\/?s={search_term_string}"},"query-input":{"@type":"PropertyValueSpecification","valueRequired":true,"valueName":"search_term_string"}}],"inLanguage":"fr-FR"},{"@type":"Organization","@id":"https:\/\/www.hti-consulting.com\/fr\/#organization","name":"Healthcare Technology International","url":"https:\/\/www.hti-consulting.com\/fr\/","logo":{"@type":"ImageObject","inLanguage":"fr-FR","@id":"https:\/\/www.hti-consulting.com\/fr\/#\/schema\/logo\/image\/","url":"https:\/\/www.hti-consulting.com\/wp-content\/uploads\/2023\/06\/cropped-HTI_grey_favicon.png","contentUrl":"https:\/\/www.hti-consulting.com\/wp-content\/uploads\/2023\/06\/cropped-HTI_grey_favicon.png","width":512,"height":512,"caption":"Healthcare Technology International"},"image":{"@id":"https:\/\/www.hti-consulting.com\/fr\/#\/schema\/logo\/image\/"},"sameAs":["https:\/\/www.linkedin.com\/company\/1686431\/","https:\/\/www.youtube.com\/channel\/UCtK46ZCxs8wR7h8sJCJiU9A"]}]}},"_links":{"self":[{"href":"https:\/\/www.hti-consulting.com\/fr\/wp-json\/wp\/v2\/pages\/3389","targetHints":{"allow":["GET"]}}],"collection":[{"href":"https:\/\/www.hti-consulting.com\/fr\/wp-json\/wp\/v2\/pages"}],"about":[{"href":"https:\/\/www.hti-consulting.com\/fr\/wp-json\/wp\/v2\/types\/page"}],"author":[{"embeddable":true,"href":"https:\/\/www.hti-consulting.com\/fr\/wp-json\/wp\/v2\/users\/1"}],"replies":[{"embeddable":true,"href":"https:\/\/www.hti-consulting.com\/fr\/wp-json\/wp\/v2\/comments?post=3389"}],"version-history":[{"count":3,"href":"https:\/\/www.hti-consulting.com\/fr\/wp-json\/wp\/v2\/pages\/3389\/revisions"}],"predecessor-version":[{"id":3551,"href":"https:\/\/www.hti-consulting.com\/fr\/wp-json\/wp\/v2\/pages\/3389\/revisions\/3551"}],"up":[{"embeddable":true,"href":"https:\/\/www.hti-consulting.com\/fr\/wp-json\/wp\/v2\/pages\/2361"}],"wp:featuredmedia":[{"embeddable":true,"href":"https:\/\/www.hti-consulting.com\/fr\/wp-json\/wp\/v2\/media\/3538"}],"wp:attachment":[{"href":"https:\/\/www.hti-consulting.com\/fr\/wp-json\/wp\/v2\/media?parent=3389"}],"curies":[{"name":"wp","href":"https:\/\/api.w.org\/{rel}","templated":true}]}}